{"id":12556,"date":"2026-04-14T19:29:32","date_gmt":"2026-04-15T02:29:32","guid":{"rendered":"https:\/\/shopelenamia.com\/product\/pantalon-floral-vintage-wide-leg\/"},"modified":"2026-04-14T19:30:41","modified_gmt":"2026-04-15T02:30:41","slug":"pantalon-floral-vintage-wide-leg","status":"publish","type":"product","link":"https:\/\/shopelenamia.com\/en\/product\/pantalon-floral-vintage-wide-leg\/","title":{"rendered":"Pantal\u00f3n Floral Vintage Wide Leg"},"content":{"rendered":"<p>Pantal\u00f3n de corte recto y silueta amplia con estampado floral estilo vintage en tonos suaves. Dise\u00f1ado para un look femenino y sofisticado, ideal para elevar cualquier outfit con un toque chic y rom\u00e1ntico.<\/p>","protected":false},"excerpt":{"rendered":"<p>Pantal\u00f3n de corte recto y silueta amplia con estampado floral estilo vintage en tonos suaves. Dise\u00f1ado para un look femenino y sofisticado, ideal para elevar cualquier outfit con un toque chic y rom\u00e1ntico.<\/p>","protected":false},"featured_media":12557,"template":"","meta":{"_acf_changed":false,"_joinchat":[]},"product_brand":[],"product_cat":[169,43],"product_tag":[],"class_list":{"0":"post-12556","1":"product","2":"type-product","3":"status-publish","4":"has-post-thumbnail","6":"product_cat-jeans","7":"product_cat-new","9":"first","10":"instock","11":"shipping-taxable","12":"purchasable","13":"product-type-variable"},"acf":[],"yoast_head":"<!-- This site is optimized with the Yoast SEO plugin v27.4 - https:\/\/yoast.com\/product\/yoast-seo-wordpress\/ -->\n<title>Pantal\u00f3n Floral Vintage Wide Leg - Shop Elena Mia<\/title>\n<meta name=\"robots\" content=\"index, follow, max-snippet:-1, max-image-preview:large, max-video-preview:-1\" \/>\n<link rel=\"canonical\" href=\"https:\/\/shopelenamia.com\/en\/product\/pantalon-floral-vintage-wide-leg\/\" \/>\n<meta property=\"og:locale\" content=\"en_US\" \/>\n<meta property=\"og:type\" content=\"article\" \/>\n<meta property=\"og:title\" content=\"Pantal\u00f3n Floral Vintage Wide Leg - Shop Elena Mia\" \/>\n<meta property=\"og:description\" content=\"Pantal\u00f3n de corte recto y silueta amplia con estampado floral estilo vintage en tonos suaves. Dise\u00f1ado para un look femenino y sofisticado, ideal para elevar cualquier outfit con un toque chic y rom\u00e1ntico.\" \/>\n<meta property=\"og:url\" content=\"https:\/\/shopelenamia.com\/en\/product\/pantalon-floral-vintage-wide-leg\/\" \/>\n<meta property=\"og:site_name\" content=\"Shop Elena Mia\" \/>\n<meta property=\"article:modified_time\" content=\"2026-04-15T02:30:41+00:00\" \/>\n<meta property=\"og:image\" content=\"https:\/\/shopelenamia.com\/wp-content\/uploads\/2026\/04\/Pantalon-Floral-Vintage-Wide-Leg.jpg\" \/>\n\t<meta property=\"og:image:width\" content=\"860\" \/>\n\t<meta property=\"og:image:height\" content=\"860\" \/>\n\t<meta property=\"og:image:type\" content=\"image\/jpeg\" \/>\n<meta name=\"twitter:card\" content=\"summary_large_image\" \/>\n<meta name=\"twitter:label1\" content=\"Est. reading time\" \/>\n\t<meta name=\"twitter:data1\" content=\"1 minute\" \/>\n<script type=\"application\/ld+json\" class=\"yoast-schema-graph\">{\"@context\":\"https:\\\/\\\/schema.org\",\"@graph\":[{\"@type\":\"WebPage\",\"@id\":\"https:\\\/\\\/shopelenamia.com\\\/product\\\/pantalon-floral-vintage-wide-leg\\\/\",\"url\":\"https:\\\/\\\/shopelenamia.com\\\/product\\\/pantalon-floral-vintage-wide-leg\\\/\",\"name\":\"Pantal\u00f3n Floral Vintage Wide Leg - Shop Elena Mia\",\"isPartOf\":{\"@id\":\"https:\\\/\\\/shopelenamia.com\\\/#website\"},\"primaryImageOfPage\":{\"@id\":\"https:\\\/\\\/shopelenamia.com\\\/product\\\/pantalon-floral-vintage-wide-leg\\\/#primaryimage\"},\"image\":{\"@id\":\"https:\\\/\\\/shopelenamia.com\\\/product\\\/pantalon-floral-vintage-wide-leg\\\/#primaryimage\"},\"thumbnailUrl\":\"https:\\\/\\\/shopelenamia.com\\\/wp-content\\\/uploads\\\/2026\\\/04\\\/Pantalon-Floral-Vintage-Wide-Leg.jpg\",\"datePublished\":\"2026-04-15T02:29:32+00:00\",\"dateModified\":\"2026-04-15T02:30:41+00:00\",\"breadcrumb\":{\"@id\":\"https:\\\/\\\/shopelenamia.com\\\/product\\\/pantalon-floral-vintage-wide-leg\\\/#breadcrumb\"},\"inLanguage\":\"en-US\",\"potentialAction\":[{\"@type\":\"ReadAction\",\"target\":[\"https:\\\/\\\/shopelenamia.com\\\/product\\\/pantalon-floral-vintage-wide-leg\\\/\"]}]},{\"@type\":\"ImageObject\",\"inLanguage\":\"en-US\",\"@id\":\"https:\\\/\\\/shopelenamia.com\\\/product\\\/pantalon-floral-vintage-wide-leg\\\/#primaryimage\",\"url\":\"https:\\\/\\\/shopelenamia.com\\\/wp-content\\\/uploads\\\/2026\\\/04\\\/Pantalon-Floral-Vintage-Wide-Leg.jpg\",\"contentUrl\":\"https:\\\/\\\/shopelenamia.com\\\/wp-content\\\/uploads\\\/2026\\\/04\\\/Pantalon-Floral-Vintage-Wide-Leg.jpg\",\"width\":860,\"height\":860},{\"@type\":\"BreadcrumbList\",\"@id\":\"https:\\\/\\\/shopelenamia.com\\\/product\\\/pantalon-floral-vintage-wide-leg\\\/#breadcrumb\",\"itemListElement\":[{\"@type\":\"ListItem\",\"position\":1,\"name\":\"Home\",\"item\":\"https:\\\/\\\/shopelenamia.com\\\/\"},{\"@type\":\"ListItem\",\"position\":2,\"name\":\"Cat\u00e1logo\",\"item\":\"https:\\\/\\\/shopelenamia.com\\\/shop\\\/\"},{\"@type\":\"ListItem\",\"position\":3,\"name\":\"Pantal\u00f3n Floral Vintage Wide Leg\"}]},{\"@type\":\"WebSite\",\"@id\":\"https:\\\/\\\/shopelenamia.com\\\/#website\",\"url\":\"https:\\\/\\\/shopelenamia.com\\\/\",\"name\":\"Shop Elena Mia\",\"description\":\"You can find the most sought-after styles at Shop Elena Mia.\",\"publisher\":{\"@id\":\"https:\\\/\\\/shopelenamia.com\\\/#organization\"},\"potentialAction\":[{\"@type\":\"SearchAction\",\"target\":{\"@type\":\"EntryPoint\",\"urlTemplate\":\"https:\\\/\\\/shopelenamia.com\\\/?s={search_term_string}\"},\"query-input\":{\"@type\":\"PropertyValueSpecification\",\"valueRequired\":true,\"valueName\":\"search_term_string\"}}],\"inLanguage\":\"en-US\"},{\"@type\":\"Organization\",\"@id\":\"https:\\\/\\\/shopelenamia.com\\\/#organization\",\"name\":\"Shop Elena Mia\",\"url\":\"https:\\\/\\\/shopelenamia.com\\\/\",\"logo\":{\"@type\":\"ImageObject\",\"inLanguage\":\"en-US\",\"@id\":\"https:\\\/\\\/shopelenamia.com\\\/#\\\/schema\\\/logo\\\/image\\\/\",\"url\":\"https:\\\/\\\/shopelenamia.com\\\/wp-content\\\/uploads\\\/2024\\\/09\\\/cropped-favicon.png\",\"contentUrl\":\"https:\\\/\\\/shopelenamia.com\\\/wp-content\\\/uploads\\\/2024\\\/09\\\/cropped-favicon.png\",\"width\":512,\"height\":512,\"caption\":\"Shop Elena Mia\"},\"image\":{\"@id\":\"https:\\\/\\\/shopelenamia.com\\\/#\\\/schema\\\/logo\\\/image\\\/\"},\"sameAs\":[\"https:\\\/\\\/www.tiktok.com\\\/@shopelenamia\"]}]}<\/script>\n<!-- \/ Yoast SEO plugin. -->","yoast_head_json":{"title":"Pantal\u00f3n Floral Vintage Wide Leg - Shop Elena Mia","robots":{"index":"index","follow":"follow","max-snippet":"max-snippet:-1","max-image-preview":"max-image-preview:large","max-video-preview":"max-video-preview:-1"},"canonical":"https:\/\/shopelenamia.com\/en\/product\/pantalon-floral-vintage-wide-leg\/","og_locale":"en_US","og_type":"article","og_title":"Pantal\u00f3n Floral Vintage Wide Leg - Shop Elena Mia","og_description":"Pantal\u00f3n de corte recto y silueta amplia con estampado floral estilo vintage en tonos suaves. Dise\u00f1ado para un look femenino y sofisticado, ideal para elevar cualquier outfit con un toque chic y rom\u00e1ntico.","og_url":"https:\/\/shopelenamia.com\/en\/product\/pantalon-floral-vintage-wide-leg\/","og_site_name":"Shop Elena Mia","article_modified_time":"2026-04-15T02:30:41+00:00","og_image":[{"width":860,"height":860,"url":"https:\/\/shopelenamia.com\/wp-content\/uploads\/2026\/04\/Pantalon-Floral-Vintage-Wide-Leg.jpg","type":"image\/jpeg"}],"twitter_card":"summary_large_image","twitter_misc":{"Est. reading time":"1 minute"},"schema":{"@context":"https:\/\/schema.org","@graph":[{"@type":"WebPage","@id":"https:\/\/shopelenamia.com\/product\/pantalon-floral-vintage-wide-leg\/","url":"https:\/\/shopelenamia.com\/product\/pantalon-floral-vintage-wide-leg\/","name":"Pantal\u00f3n Floral Vintage Wide Leg - Shop Elena Mia","isPartOf":{"@id":"https:\/\/shopelenamia.com\/#website"},"primaryImageOfPage":{"@id":"https:\/\/shopelenamia.com\/product\/pantalon-floral-vintage-wide-leg\/#primaryimage"},"image":{"@id":"https:\/\/shopelenamia.com\/product\/pantalon-floral-vintage-wide-leg\/#primaryimage"},"thumbnailUrl":"https:\/\/shopelenamia.com\/wp-content\/uploads\/2026\/04\/Pantalon-Floral-Vintage-Wide-Leg.jpg","datePublished":"2026-04-15T02:29:32+00:00","dateModified":"2026-04-15T02:30:41+00:00","breadcrumb":{"@id":"https:\/\/shopelenamia.com\/product\/pantalon-floral-vintage-wide-leg\/#breadcrumb"},"inLanguage":"en-US","potentialAction":[{"@type":"ReadAction","target":["https:\/\/shopelenamia.com\/product\/pantalon-floral-vintage-wide-leg\/"]}]},{"@type":"ImageObject","inLanguage":"en-US","@id":"https:\/\/shopelenamia.com\/product\/pantalon-floral-vintage-wide-leg\/#primaryimage","url":"https:\/\/shopelenamia.com\/wp-content\/uploads\/2026\/04\/Pantalon-Floral-Vintage-Wide-Leg.jpg","contentUrl":"https:\/\/shopelenamia.com\/wp-content\/uploads\/2026\/04\/Pantalon-Floral-Vintage-Wide-Leg.jpg","width":860,"height":860},{"@type":"BreadcrumbList","@id":"https:\/\/shopelenamia.com\/product\/pantalon-floral-vintage-wide-leg\/#breadcrumb","itemListElement":[{"@type":"ListItem","position":1,"name":"Home","item":"https:\/\/shopelenamia.com\/"},{"@type":"ListItem","position":2,"name":"Cat\u00e1logo","item":"https:\/\/shopelenamia.com\/shop\/"},{"@type":"ListItem","position":3,"name":"Pantal\u00f3n Floral Vintage Wide Leg"}]},{"@type":"WebSite","@id":"https:\/\/shopelenamia.com\/#website","url":"https:\/\/shopelenamia.com\/","name":"Shop Elena Mia","description":"You can find the most sought-after styles at Shop Elena Mia.","publisher":{"@id":"https:\/\/shopelenamia.com\/#organization"},"potentialAction":[{"@type":"SearchAction","target":{"@type":"EntryPoint","urlTemplate":"https:\/\/shopelenamia.com\/?s={search_term_string}"},"query-input":{"@type":"PropertyValueSpecification","valueRequired":true,"valueName":"search_term_string"}}],"inLanguage":"en-US"},{"@type":"Organization","@id":"https:\/\/shopelenamia.com\/#organization","name":"Shop Elena Mia","url":"https:\/\/shopelenamia.com\/","logo":{"@type":"ImageObject","inLanguage":"en-US","@id":"https:\/\/shopelenamia.com\/#\/schema\/logo\/image\/","url":"https:\/\/shopelenamia.com\/wp-content\/uploads\/2024\/09\/cropped-favicon.png","contentUrl":"https:\/\/shopelenamia.com\/wp-content\/uploads\/2024\/09\/cropped-favicon.png","width":512,"height":512,"caption":"Shop Elena Mia"},"image":{"@id":"https:\/\/shopelenamia.com\/#\/schema\/logo\/image\/"},"sameAs":["https:\/\/www.tiktok.com\/@shopelenamia"]}]}},"_links":{"self":[{"href":"https:\/\/shopelenamia.com\/en\/wp-json\/wp\/v2\/product\/12556","targetHints":{"allow":["GET"]}}],"collection":[{"href":"https:\/\/shopelenamia.com\/en\/wp-json\/wp\/v2\/product"}],"about":[{"href":"https:\/\/shopelenamia.com\/en\/wp-json\/wp\/v2\/types\/product"}],"wp:featuredmedia":[{"embeddable":true,"href":"https:\/\/shopelenamia.com\/en\/wp-json\/wp\/v2\/media\/12557"}],"wp:attachment":[{"href":"https:\/\/shopelenamia.com\/en\/wp-json\/wp\/v2\/media?parent=12556"}],"wp:term":[{"taxonomy":"product_brand","embeddable":true,"href":"https:\/\/shopelenamia.com\/en\/wp-json\/wp\/v2\/product_brand?post=12556"},{"taxonomy":"product_cat","embeddable":true,"href":"https:\/\/shopelenamia.com\/en\/wp-json\/wp\/v2\/product_cat?post=12556"},{"taxonomy":"product_tag","embeddable":true,"href":"https:\/\/shopelenamia.com\/en\/wp-json\/wp\/v2\/product_tag?post=12556"}],"curies":[{"name":"wp","href":"https:\/\/api.w.org\/{rel}","templated":true}]}}