{"id":52,"date":"2022-06-23T16:29:47","date_gmt":"2022-06-23T23:29:47","guid":{"rendered":"https:\/\/shopelenamia.com\/?page_id=52"},"modified":"2025-09-05T09:38:27","modified_gmt":"2025-09-05T16:38:27","slug":"shipping-returns","status":"publish","type":"page","link":"https:\/\/shopelenamia.com\/en\/shipping-returns\/","title":{"rendered":"Shipping and Returns"},"content":{"rendered":"<div class=\"wp-block-group has-global-padding is-layout-constrained wp-container-core-group-is-layout-b916026b wp-block-group-is-layout-constrained\" style=\"padding-top:60px;padding-right:15px;padding-bottom:60px;padding-left:15px\">\n<h2 class=\"wp-block-heading\">POL\u00cdTICAS DE ENV\u00cdO<\/h2>\n\n\n\n<p><strong>COSTO:<\/strong><\/p>\n\n\n\n<p>El env\u00edo dentro de la Rep\u00fablica Mexicana tiene un costo de $44.70 USD.<br>El env\u00edo dentro de Estados Unidos tiene un costo de $12 USD.<\/p>\n\n\n\n<p>Estos costos aplican \u00fanicamente en \u00e1reas cubiertas por FEDEX y USPS.<\/p>\n\n\n\n<p>*Los precios est\u00e1n sujetos a cambios sin previo aviso.<\/p>\n\n\n\n<p><strong>TIEMPO DE ENTREGA:<\/strong><\/p>\n\n\n\n<p>Env\u00edos a la Rep\u00fablica Mexicana salen 1 vez a la semana.<\/p>\n\n\n\n<p><strong>M\u00c9TODOS DE PAGO:<\/strong><\/p>\n\n\n\n<p>Disponemos de diferentes m\u00e9todos de pago:<br>-Pago directo con Visa y Mastercard y a trav\u00e9s de Stripe<\/p>\n\n\n\n<p><strong>ESPECIFICACIONES DE NUESTROS PRODUCTOS:<\/strong><\/p>\n\n\n\n<p>Toda la informaci\u00f3n de nuestro sitio web est\u00e1 sujeta a cambios sin previo aviso.<\/p>\n\n\n\n<p><strong>CANCELACIONES:<\/strong><\/p>\n\n\n\n<p>Una vez enviado el pedido no se podr\u00e1 realizar ninguna cancelaci\u00f3n, para m\u00e1s informaci\u00f3n env\u00edenos un email a clientes@shopelenamia.com<\/p>\n\n\n\n<p><strong>CUALQUIER TEMA NO VISTO EN LAS PRESENTES POL\u00cdTICAS PUEDE SER CONSULTADO DIRECTAMENTE CON NUESTRO EQUIPO<\/strong><\/p>\n\n\n\n<h2 class=\"wp-block-heading\">POL\u00cdTICAS DE DEVOLUCI\u00d3N<\/h2>\n\n\n\n<p>No hay devoluciones<\/p>\n\n\n\n<p><strong>CUALQUIER TEMA NO VISTO EN LAS PRESENTES POL\u00cdTICAS PUEDE SER CONSULTADO DIRECTAMENTE CON NUESTRO EQUIPO<\/strong><\/p>\n<\/div>","protected":false},"excerpt":{"rendered":"<p>POL\u00cdTICAS DE ENV\u00cdO COSTO: El env\u00edo dentro de la Rep\u00fablica Mexicana tiene un costo de $44.70 USD.El env\u00edo dentro de Estados Unidos tiene un costo de $12 USD. Estos costos aplican \u00fanicamente en \u00e1reas cubiertas por FEDEX y USPS. *Los precios est\u00e1n sujetos a cambios sin previo aviso. TIEMPO DE ENTREGA: Env\u00edos a la Rep\u00fablica [&hellip;]<\/p>\n","protected":false},"author":1,"featured_media":0,"parent":0,"menu_order":0,"comment_status":"closed","ping_status":"closed","template":"","meta":{"_acf_changed":false,"_joinchat":[],"footnotes":""},"class_list":["post-52","page","type-page","status-publish","hentry"],"acf":[],"yoast_head":"<!-- This site is optimized with the Yoast SEO plugin v27.4 - https:\/\/yoast.com\/product\/yoast-seo-wordpress\/ -->\n<title>Env\u00edos y Devoluciones - Shop Elena Mia<\/title>\n<meta name=\"robots\" content=\"index, follow, max-snippet:-1, max-image-preview:large, max-video-preview:-1\" \/>\n<link rel=\"canonical\" href=\"https:\/\/shopelenamia.com\/en\/shipping-returns\/\" \/>\n<meta property=\"og:locale\" content=\"en_US\" \/>\n<meta property=\"og:type\" content=\"article\" \/>\n<meta property=\"og:title\" content=\"Env\u00edos y Devoluciones - Shop Elena Mia\" \/>\n<meta property=\"og:description\" content=\"POL\u00cdTICAS DE ENV\u00cdO COSTO: El env\u00edo dentro de la Rep\u00fablica Mexicana tiene un costo de $44.70 USD.El env\u00edo dentro de Estados Unidos tiene un costo de $12 USD. Estos costos aplican \u00fanicamente en \u00e1reas cubiertas por FEDEX y USPS. *Los precios est\u00e1n sujetos a cambios sin previo aviso. TIEMPO DE ENTREGA: Env\u00edos a la Rep\u00fablica [&hellip;]\" \/>\n<meta property=\"og:url\" content=\"https:\/\/shopelenamia.com\/en\/shipping-returns\/\" \/>\n<meta property=\"og:site_name\" content=\"Shop Elena Mia\" \/>\n<meta property=\"article:modified_time\" content=\"2025-09-05T16:38:27+00:00\" \/>\n<meta property=\"og:image\" content=\"https:\/\/shopelenamia.com\/wp-content\/uploads\/2024\/09\/cropped-favicon.png\" \/>\n\t<meta property=\"og:image:width\" content=\"512\" \/>\n\t<meta property=\"og:image:height\" content=\"512\" \/>\n\t<meta property=\"og:image:type\" content=\"image\/png\" \/>\n<meta name=\"twitter:card\" content=\"summary_large_image\" \/>\n<meta name=\"twitter:label1\" content=\"Est. reading time\" \/>\n\t<meta name=\"twitter:data1\" content=\"1 minute\" \/>\n<script type=\"application\/ld+json\" class=\"yoast-schema-graph\">{\"@context\":\"https:\\\/\\\/schema.org\",\"@graph\":[{\"@type\":\"WebPage\",\"@id\":\"https:\\\/\\\/shopelenamia.com\\\/shipping-returns\\\/\",\"url\":\"https:\\\/\\\/shopelenamia.com\\\/shipping-returns\\\/\",\"name\":\"Env\u00edos y Devoluciones - Shop Elena Mia\",\"isPartOf\":{\"@id\":\"https:\\\/\\\/shopelenamia.com\\\/#website\"},\"datePublished\":\"2022-06-23T23:29:47+00:00\",\"dateModified\":\"2025-09-05T16:38:27+00:00\",\"breadcrumb\":{\"@id\":\"https:\\\/\\\/shopelenamia.com\\\/shipping-returns\\\/#breadcrumb\"},\"inLanguage\":\"en-US\",\"potentialAction\":[{\"@type\":\"ReadAction\",\"target\":[\"https:\\\/\\\/shopelenamia.com\\\/shipping-returns\\\/\"]}]},{\"@type\":\"BreadcrumbList\",\"@id\":\"https:\\\/\\\/shopelenamia.com\\\/shipping-returns\\\/#breadcrumb\",\"itemListElement\":[{\"@type\":\"ListItem\",\"position\":1,\"name\":\"Home\",\"item\":\"https:\\\/\\\/shopelenamia.com\\\/\"},{\"@type\":\"ListItem\",\"position\":2,\"name\":\"Env\u00edos y Devoluciones\"}]},{\"@type\":\"WebSite\",\"@id\":\"https:\\\/\\\/shopelenamia.com\\\/#website\",\"url\":\"https:\\\/\\\/shopelenamia.com\\\/\",\"name\":\"Shop Elena Mia\",\"description\":\"You can find the most sought-after styles at Shop Elena Mia.\",\"publisher\":{\"@id\":\"https:\\\/\\\/shopelenamia.com\\\/#organization\"},\"potentialAction\":[{\"@type\":\"SearchAction\",\"target\":{\"@type\":\"EntryPoint\",\"urlTemplate\":\"https:\\\/\\\/shopelenamia.com\\\/?s={search_term_string}\"},\"query-input\":{\"@type\":\"PropertyValueSpecification\",\"valueRequired\":true,\"valueName\":\"search_term_string\"}}],\"inLanguage\":\"en-US\"},{\"@type\":\"Organization\",\"@id\":\"https:\\\/\\\/shopelenamia.com\\\/#organization\",\"name\":\"Shop Elena Mia\",\"url\":\"https:\\\/\\\/shopelenamia.com\\\/\",\"logo\":{\"@type\":\"ImageObject\",\"inLanguage\":\"en-US\",\"@id\":\"https:\\\/\\\/shopelenamia.com\\\/#\\\/schema\\\/logo\\\/image\\\/\",\"url\":\"https:\\\/\\\/shopelenamia.com\\\/wp-content\\\/uploads\\\/2024\\\/09\\\/cropped-favicon.png\",\"contentUrl\":\"https:\\\/\\\/shopelenamia.com\\\/wp-content\\\/uploads\\\/2024\\\/09\\\/cropped-favicon.png\",\"width\":512,\"height\":512,\"caption\":\"Shop Elena Mia\"},\"image\":{\"@id\":\"https:\\\/\\\/shopelenamia.com\\\/#\\\/schema\\\/logo\\\/image\\\/\"},\"sameAs\":[\"https:\\\/\\\/www.tiktok.com\\\/@shopelenamia\"]}]}<\/script>\n<!-- \/ Yoast SEO plugin. -->","yoast_head_json":{"title":"Env\u00edos y Devoluciones - Shop Elena Mia","robots":{"index":"index","follow":"follow","max-snippet":"max-snippet:-1","max-image-preview":"max-image-preview:large","max-video-preview":"max-video-preview:-1"},"canonical":"https:\/\/shopelenamia.com\/en\/shipping-returns\/","og_locale":"en_US","og_type":"article","og_title":"Env\u00edos y Devoluciones - Shop Elena Mia","og_description":"POL\u00cdTICAS DE ENV\u00cdO COSTO: El env\u00edo dentro de la Rep\u00fablica Mexicana tiene un costo de $44.70 USD.El env\u00edo dentro de Estados Unidos tiene un costo de $12 USD. Estos costos aplican \u00fanicamente en \u00e1reas cubiertas por FEDEX y USPS. *Los precios est\u00e1n sujetos a cambios sin previo aviso. TIEMPO DE ENTREGA: Env\u00edos a la Rep\u00fablica [&hellip;]","og_url":"https:\/\/shopelenamia.com\/en\/shipping-returns\/","og_site_name":"Shop Elena Mia","article_modified_time":"2025-09-05T16:38:27+00:00","og_image":[{"width":512,"height":512,"url":"https:\/\/shopelenamia.com\/wp-content\/uploads\/2024\/09\/cropped-favicon.png","type":"image\/png"}],"twitter_card":"summary_large_image","twitter_misc":{"Est. reading time":"1 minute"},"schema":{"@context":"https:\/\/schema.org","@graph":[{"@type":"WebPage","@id":"https:\/\/shopelenamia.com\/shipping-returns\/","url":"https:\/\/shopelenamia.com\/shipping-returns\/","name":"Env\u00edos y Devoluciones - Shop Elena Mia","isPartOf":{"@id":"https:\/\/shopelenamia.com\/#website"},"datePublished":"2022-06-23T23:29:47+00:00","dateModified":"2025-09-05T16:38:27+00:00","breadcrumb":{"@id":"https:\/\/shopelenamia.com\/shipping-returns\/#breadcrumb"},"inLanguage":"en-US","potentialAction":[{"@type":"ReadAction","target":["https:\/\/shopelenamia.com\/shipping-returns\/"]}]},{"@type":"BreadcrumbList","@id":"https:\/\/shopelenamia.com\/shipping-returns\/#breadcrumb","itemListElement":[{"@type":"ListItem","position":1,"name":"Home","item":"https:\/\/shopelenamia.com\/"},{"@type":"ListItem","position":2,"name":"Env\u00edos y Devoluciones"}]},{"@type":"WebSite","@id":"https:\/\/shopelenamia.com\/#website","url":"https:\/\/shopelenamia.com\/","name":"Shop Elena Mia","description":"You can find the most sought-after styles at Shop Elena Mia.","publisher":{"@id":"https:\/\/shopelenamia.com\/#organization"},"potentialAction":[{"@type":"SearchAction","target":{"@type":"EntryPoint","urlTemplate":"https:\/\/shopelenamia.com\/?s={search_term_string}"},"query-input":{"@type":"PropertyValueSpecification","valueRequired":true,"valueName":"search_term_string"}}],"inLanguage":"en-US"},{"@type":"Organization","@id":"https:\/\/shopelenamia.com\/#organization","name":"Shop Elena Mia","url":"https:\/\/shopelenamia.com\/","logo":{"@type":"ImageObject","inLanguage":"en-US","@id":"https:\/\/shopelenamia.com\/#\/schema\/logo\/image\/","url":"https:\/\/shopelenamia.com\/wp-content\/uploads\/2024\/09\/cropped-favicon.png","contentUrl":"https:\/\/shopelenamia.com\/wp-content\/uploads\/2024\/09\/cropped-favicon.png","width":512,"height":512,"caption":"Shop Elena Mia"},"image":{"@id":"https:\/\/shopelenamia.com\/#\/schema\/logo\/image\/"},"sameAs":["https:\/\/www.tiktok.com\/@shopelenamia"]}]}},"_links":{"self":[{"href":"https:\/\/shopelenamia.com\/en\/wp-json\/wp\/v2\/pages\/52","targetHints":{"allow":["GET"]}}],"collection":[{"href":"https:\/\/shopelenamia.com\/en\/wp-json\/wp\/v2\/pages"}],"about":[{"href":"https:\/\/shopelenamia.com\/en\/wp-json\/wp\/v2\/types\/page"}],"author":[{"embeddable":true,"href":"https:\/\/shopelenamia.com\/en\/wp-json\/wp\/v2\/users\/1"}],"replies":[{"embeddable":true,"href":"https:\/\/shopelenamia.com\/en\/wp-json\/wp\/v2\/comments?post=52"}],"version-history":[{"count":29,"href":"https:\/\/shopelenamia.com\/en\/wp-json\/wp\/v2\/pages\/52\/revisions"}],"predecessor-version":[{"id":10856,"href":"https:\/\/shopelenamia.com\/en\/wp-json\/wp\/v2\/pages\/52\/revisions\/10856"}],"wp:attachment":[{"href":"https:\/\/shopelenamia.com\/en\/wp-json\/wp\/v2\/media?parent=52"}],"curies":[{"name":"wp","href":"https:\/\/api.w.org\/{rel}","templated":true}]}}